{"id":67,"date":"2013-01-14T21:24:07","date_gmt":"2013-01-14T21:24:07","guid":{"rendered":"http:\/\/goladinha.eu\/blog\/?page_id=67"},"modified":"2025-04-07T21:48:07","modified_gmt":"2025-04-07T20:48:07","slug":"impressum","status":"publish","type":"page","link":"https:\/\/goladinha.eu\/blog\/impressum\/","title":{"rendered":"Impressum"},"content":{"rendered":"<p style=\"text-align: justify;\"><strong><span style=\"color: #666699;\">Haftungsausschluss<\/span><\/strong><br \/>\n<span style=\"color: #666699;\"> Wir distanzieren uns hiermit ausdr\u00fccklich von allen Inhalten aller gelinkten bzw. verkn\u00fcpften Seiten auf unserer Website. Diese Erkl\u00e4rung gilt f\u00fcr alle auf unserer Website angebrachten Links und Verweise. F\u00fcr illegale, fehlerhafte oder unvollst\u00e4ndige Inhalte und insbesondere f\u00fcr Sch\u00e4den, die aus der Nutzung oder Nichtnutzung solcherart dargebotener Informationen entstehen, haftet allein der Anbieter der Seite, auf welche verwiesen wurde, nicht derjenige, der \u00fcber Links auf die jeweilige Ver\u00f6ffentlichung lediglich verweist.<\/span><\/p>\n<p><span style=\"color: #666699;\">\u00a0<\/span><\/p>\n<table border=\"0\" width=\"841\">\n<tbody>\n<tr>\n<td valign=\"top\" width=\"210\" height=\"31\"><span style=\"color: #666699;\">Anschrift<\/span><\/td>\n<td valign=\"top\" width=\"210\" height=\"31\"><span style=\"font-family: Tahoma; font-size: small; color: #666699;\">Christiane Gr\u00fcnecker<br \/>\nWalter Friedl-Gr\u00fcnecker<br \/>\nLugar <a href=\"http:\/\/www.goladinha.eu\" target=\"_blank\" rel=\"noopener\"><span style=\"color: #666699;\"><b>G o l a d i n h a<\/b><\/span><\/a><br \/>\nP &#8211; 3260-222 Campelo<br \/>\nPortugal<\/span><\/td>\n<td width=\"139\" height=\"31\"><span style=\"color: #666699;\">\u00a0<\/span><\/td>\n<\/tr>\n<tr>\n<td valign=\"top\" width=\"210\" height=\"17\"><span style=\"color: #666699;\"><b><span style=\"font-family: Tahoma;\">Telefon (+AB)<\/span><\/b><\/span><\/td>\n<td valign=\"top\" width=\"210\" height=\"17\"><span style=\"font-family: Tahoma; font-size: small; color: #666699;\"><b>0049 (0)9092-23 20 33<\/b><\/span><\/td>\n<td width=\"139\" height=\"17\"><span style=\"color: #666699;\">\u00a0<\/span><\/td>\n<\/tr>\n<tr>\n<td valign=\"top\" width=\"210\" height=\"17\"><span style=\"color: #666699;\"><b><span style=\"font-family: Tahoma; font-size: small;\"> Mobilfon <\/span><\/b><\/span><\/td>\n<td valign=\"top\" width=\"210\" height=\"17\"><span style=\"color: #666699;\"><span style=\"font-family: Tahoma; font-size: small;\">00351\u00a0 <\/span><span style=\"font-family: Tahoma; font-size: small;\">960 117 055<br \/>\n<\/span><\/span>&nbsp;<\/td>\n<td width=\"139\" height=\"17\"><span style=\"color: #666699;\">\u00a0<\/span><\/td>\n<\/tr>\n<tr>\n<td valign=\"top\" width=\"210\" height=\"17\"><span style=\"color: #666699;\"><b><span style=\"font-family: Tahoma; font-size: small;\">Email<\/span><\/b><\/span><\/td>\n<td valign=\"top\" width=\"210\" height=\"17\"><span style=\"color: #666699;\"><span style=\"font-family: Tahoma; font-size: small; color: #666699;\">escritorio(AT)goladinha.eu<\/span><\/span><\/td>\n<td width=\"139\" height=\"17\"><span style=\"color: #666699;\">\u00a0<\/span><\/td>\n<\/tr>\n<tr>\n<td valign=\"top\" width=\"210\" height=\"18\"><\/td>\n<td valign=\"top\" width=\"210\" height=\"18\"><\/td>\n<\/tr>\n<\/tbody>\n<\/table>\n","protected":false},"excerpt":{"rendered":"<p>Haftungsausschluss Wir distanzieren uns hiermit ausdr\u00fccklich von allen Inhalten aller gelinkten bzw. verkn\u00fcpften Seiten auf unserer Website. Diese Erkl\u00e4rung gilt f\u00fcr alle auf unserer Website angebrachten Links und Verweise. F\u00fcr illegale, fehlerhafte oder unvollst\u00e4ndige Inhalte und insbesondere f\u00fcr Sch\u00e4den, die aus der Nutzung oder Nichtnutzung solcherart dargebotener Informationen entstehen, haftet allein der Anbieter der Seite, [&hellip;]<\/p>\n","protected":false},"author":2,"featured_media":0,"parent":0,"menu_order":0,"comment_status":"open","ping_status":"open","template":"","meta":{"footnotes":""},"class_list":["post-67","page","type-page","status-publish","hentry"],"_links":{"self":[{"href":"https:\/\/goladinha.eu\/blog\/wp-json\/wp\/v2\/pages\/67","targetHints":{"allow":["GET"]}}],"collection":[{"href":"https:\/\/goladinha.eu\/blog\/wp-json\/wp\/v2\/pages"}],"about":[{"href":"https:\/\/goladinha.eu\/blog\/wp-json\/wp\/v2\/types\/page"}],"author":[{"embeddable":true,"href":"https:\/\/goladinha.eu\/blog\/wp-json\/wp\/v2\/users\/2"}],"replies":[{"embeddable":true,"href":"https:\/\/goladinha.eu\/blog\/wp-json\/wp\/v2\/comments?post=67"}],"version-history":[{"count":24,"href":"https:\/\/goladinha.eu\/blog\/wp-json\/wp\/v2\/pages\/67\/revisions"}],"predecessor-version":[{"id":31669,"href":"https:\/\/goladinha.eu\/blog\/wp-json\/wp\/v2\/pages\/67\/revisions\/31669"}],"wp:attachment":[{"href":"https:\/\/goladinha.eu\/blog\/wp-json\/wp\/v2\/media?parent=67"}],"curies":[{"name":"wp","href":"https:\/\/api.w.org\/{rel}","templated":true}]}}