{"id":445,"date":"2013-02-03T02:00:34","date_gmt":"2013-02-03T02:00:34","guid":{"rendered":"http:\/\/goladinha.eu\/blog\/?page_id=445"},"modified":"2020-08-14T18:26:43","modified_gmt":"2020-08-14T17:26:43","slug":"auswahl-der-monate-zwischen-2010-und-2012","status":"publish","type":"page","link":"https:\/\/goladinha.eu\/blog\/auswahl-der-monate-zwischen-2010-und-2012\/","title":{"rendered":"Auswahl der Monate zwischen 2010 und 2012"},"content":{"rendered":"<p><span style=\"color: #ff0000;\">\u00a0<\/span><\/p>\n<table border=\"0\" width=\"450\">\n<tbody>\n<tr>\n<td width=\"450\"><b><span style=\"color: #99cc00; font-family: Tahoma; font-size: medium;\">2010<\/span><\/b><\/td>\n<td width=\"450\"><b><span style=\"color: #99cc00; font-family: Tahoma; font-size: medium;\">2011<\/span><\/b><\/td>\n<td width=\"450\"><b><span style=\"color: #99cc00; font-family: Tahoma; font-size: medium;\">2012<\/span><\/b><\/td>\n<\/tr>\n<tr>\n<td width=\"450\"><span style=\"font-family: Tahoma; font-size: medium;\"><span style=\"font-family: Tahoma; font-size: small;\"><span style=\"color: #ffffff;\">.<\/span><a title=\"M\u00e4rz 2010\" href=\"http:\/\/www.gruenecker.eu\/maerz_10.html\" target=\"_blank\" rel=\"noopener noreferrer\"><br \/>\n<\/a><span style=\"color: #ffffff;\">.<\/span><a title=\"M\u00e4rz 2010\" href=\"http:\/\/www.goladinha.eu\/maerz_10.html\" target=\"_blank\" rel=\"noopener noreferrer\"><br \/>\nM\u00e4rz<\/a><br \/>\n<a href=\"http:\/\/www.goladinha.eu\/april_10.html\" target=\"_blank\" rel=\"noopener noreferrer\">April<\/a><br \/>\n<a href=\"http:\/\/www.goladinha.eu\/mai_10.html\" target=\"_blank\" rel=\"noopener noreferrer\">Mai<\/a><br \/>\n<a href=\"http:\/\/www.goladinha.eu\/juni_10.html\" target=\"_blank\" rel=\"noopener noreferrer\">Juni<\/a><br \/>\n<a href=\"http:\/\/www.goladinha.eu\/juli_10.html\" target=\"_blank\" rel=\"noopener noreferrer\">Juli<\/a><br \/>\n<a href=\"http:\/\/www.goladinha.eu\/august_10.html\" target=\"_blank\" rel=\"noopener noreferrer\">August<\/a><br \/>\n<a href=\"http:\/\/www.goladinha.eu\/september_10.html\" target=\"_blank\" rel=\"noopener noreferrer\">September<\/a><br \/>\n<a href=\"http:\/\/www.goladinha.eu\/oktober_10.html\" target=\"_blank\" rel=\"noopener noreferrer\">Oktober<\/a><br \/>\n<a href=\"http:\/\/www.goladinha.eu\/november_10.html\" target=\"_blank\" rel=\"noopener noreferrer\">November<\/a><br \/>\n<a href=\"http:\/\/www.goladinha.eu\/dezember_10.html\" target=\"_blank\" rel=\"noopener noreferrer\">Dezember<\/a><\/span><br \/>\n<\/span><\/td>\n<td width=\"450\"><span style=\"font-family: Tahoma; font-size: medium;\"><span style=\"font-family: Tahoma; font-size: small;\"><a href=\"http:\/\/www.goladinha.eu\/januar_11.html\" target=\"_blank\" rel=\"noopener noreferrer\">Januar<\/a><br \/>\n<a href=\"http:\/\/www.goladinha.eu\/februar_11.html\" target=\"_blank\" rel=\"noopener noreferrer\">Februar<\/a><br \/>\n<a href=\"http:\/\/www.goladinha.eu\/maerz_11.html\" target=\"_blank\" rel=\"noopener noreferrer\">M\u00e4rz<\/a><br \/>\n<a href=\"http:\/\/www.goladinha.eu\/april_11.html\" target=\"_blank\" rel=\"noopener noreferrer\">April<\/a><br \/>\n<a href=\"http:\/\/www.goladinha.eu\/mai_11.html\" target=\"_blank\" rel=\"noopener noreferrer\">Mai<\/a><br \/>\n<a href=\"http:\/\/www.goladinha.eu\/juni_11.html\" target=\"_blank\" rel=\"noopener noreferrer\">Juni<\/a><br \/>\n<a href=\"http:\/\/www.goladinha.eu\/juli_august_11.html\" target=\"_blank\" rel=\"noopener noreferrer\">Juli und August<\/a><\/p>\n<p><a href=\"http:\/\/www.goladinha.eu\/september_11.html\" target=\"_blank\" rel=\"noopener noreferrer\">September<\/a><br \/>\n<a href=\"http:\/\/www.goladinha.eu\/oktober_11.html\" target=\"_blank\" rel=\"noopener noreferrer\">Oktober<\/a><br \/>\n<a href=\"http:\/\/www.goladinha.eu\/november_11.html\" target=\"_blank\" rel=\"noopener noreferrer\">November<\/a><br \/>\n<a href=\"http:\/\/www.goladinha.eu\/dezember_11.html\" target=\"_blank\" rel=\"noopener noreferrer\">Dezember<\/a><\/span><\/span><\/td>\n<td width=\"450\"><span style=\"font-family: Tahoma; font-size: medium;\"><span style=\"font-family: Tahoma; font-size: small;\"><a href=\"http:\/\/www.goladinha.eu\/januar_12.html\" target=\"_blank\" rel=\"noopener noreferrer\">Januar<\/a><br \/>\n<a href=\"http:\/\/www.goladinha.eu\/februar_12.html\" target=\"_blank\" rel=\"noopener noreferrer\">Februar<\/a><br \/>\n<a href=\"http:\/\/www.goladinha.eu\/maerz_12.html\" target=\"_blank\" rel=\"noopener noreferrer\">M\u00e4rz<\/a><br \/>\n<a href=\"http:\/\/www.goladinha.eu\/april_12.html\" target=\"_blank\" rel=\"noopener noreferrer\">April<\/a><br \/>\n<a href=\"http:\/\/www.goladinha.eu\/mai_12.html\" target=\"_blank\" rel=\"noopener noreferrer\">Mai<\/a><br \/>\n<a href=\"http:\/\/www.goladinha.eu\/juni_12.html\" target=\"_blank\" rel=\"noopener noreferrer\">Juni<\/a><br \/>\n<a href=\"http:\/\/www.goladinha.eu\/juli_12.html\" target=\"_blank\" rel=\"noopener noreferrer\">Juli<\/a><br \/>\n<a href=\"http:\/\/www.goladinha.eu\/august_12.html\" target=\"_blank\" rel=\"noopener noreferrer\">August<\/a><br \/>\n<a href=\"http:\/\/www.goladinha.eu\/september_12.html\" target=\"_blank\" rel=\"noopener noreferrer\">September<\/a><br \/>\n<a title=\"Archiv Goladinha - Oktober 2012\" href=\"http:\/\/www.goladinha.eu\/oktober_12.html\" target=\"_blank\" rel=\"noopener noreferrer\">Oktober<\/a><br \/>\n<a href=\"http:\/\/www.goladinha.eu\/november_12.html\" target=\"_blank\" rel=\"noopener noreferrer\">November<\/a><br \/>\n<a href=\"http:\/\/www.goladinha.eu\/dezember_12.html\" target=\"_blank\" rel=\"noopener noreferrer\">Dezember<\/a><\/span><\/span><\/td>\n<\/tr>\n<\/tbody>\n<\/table>\n","protected":false},"excerpt":{"rendered":"<p>\u00a0 2010 2011 2012 . . M\u00e4rz April Mai Juni Juli August September Oktober November Dezember Januar Februar M\u00e4rz April Mai Juni Juli und August September Oktober November Dezember Januar Februar M\u00e4rz April Mai Juni Juli August September Oktober November Dezember<\/p>\n","protected":false},"author":2,"featured_media":0,"parent":0,"menu_order":0,"comment_status":"open","ping_status":"open","template":"","meta":{"footnotes":""},"class_list":["post-445","page","type-page","status-publish","hentry"],"_links":{"self":[{"href":"https:\/\/goladinha.eu\/blog\/wp-json\/wp\/v2\/pages\/445","targetHints":{"allow":["GET"]}}],"collection":[{"href":"https:\/\/goladinha.eu\/blog\/wp-json\/wp\/v2\/pages"}],"about":[{"href":"https:\/\/goladinha.eu\/blog\/wp-json\/wp\/v2\/types\/page"}],"author":[{"embeddable":true,"href":"https:\/\/goladinha.eu\/blog\/wp-json\/wp\/v2\/users\/2"}],"replies":[{"embeddable":true,"href":"https:\/\/goladinha.eu\/blog\/wp-json\/wp\/v2\/comments?post=445"}],"version-history":[{"count":37,"href":"https:\/\/goladinha.eu\/blog\/wp-json\/wp\/v2\/pages\/445\/revisions"}],"predecessor-version":[{"id":16754,"href":"https:\/\/goladinha.eu\/blog\/wp-json\/wp\/v2\/pages\/445\/revisions\/16754"}],"wp:attachment":[{"href":"https:\/\/goladinha.eu\/blog\/wp-json\/wp\/v2\/media?parent=445"}],"curies":[{"name":"wp","href":"https:\/\/api.w.org\/{rel}","templated":true}]}}